{"id":81,"date":"2022-12-21T13:37:55","date_gmt":"2022-12-21T02:37:55","guid":{"rendered":"https:\/\/mike.howisthis.work\/?page_id=81"},"modified":"2026-01-15T18:49:24","modified_gmt":"2026-01-15T07:49:24","slug":"a-propos-de-nous","status":"publish","type":"page","link":"https:\/\/dmcrecruitment.com\/fr\/a-propos-de-nous\/","title":{"rendered":"A propos de nous"},"content":{"rendered":"<div data-elementor-type=\"wp-page\" data-elementor-id=\"81\" class=\"elementor elementor-81\" data-elementor-post-type=\"page\">\n\t\t\t\t\t\t<section class=\"elementor-section elementor-top-section elementor-element elementor-element-66d7c2e elementor-section-full_width elementor-section-height-default elementor-section-height-default\" data-id=\"66d7c2e\" data-element_type=\"section\" data-settings=\"{&quot;background_background&quot;:&quot;classic&quot;}\">\n\t\t\t\t\t\t\t<div class=\"elementor-background-overlay\"><\/div>\n\t\t\t\t\t\t\t<div class=\"elementor-container elementor-column-gap-default\">\n\t\t\t\t\t<div class=\"elementor-column elementor-col-50 elementor-top-column elementor-element elementor-element-dc6cb9b elementor-hidden-tablet elementor-hidden-mobile\" data-id=\"dc6cb9b\" data-element_type=\"column\">\n\t\t\t<div class=\"elementor-widget-wrap\">\n\t\t\t\t\t\t\t<\/div>\n\t\t<\/div>\n\t\t\t\t<div class=\"elementor-column elementor-col-50 elementor-top-column elementor-element elementor-element-cd1da6e\" data-id=\"cd1da6e\" data-element_type=\"column\" data-settings=\"{&quot;background_background&quot;:&quot;classic&quot;}\">\n\t\t\t<div class=\"elementor-widget-wrap elementor-element-populated\">\n\t\t\t\t\t\t<div class=\"elementor-element elementor-element-ab56337 elementor-widget elementor-widget-heading\" data-id=\"ab56337\" data-element_type=\"widget\" data-widget_type=\"heading.default\">\n\t\t\t\t\t<h1 class=\"elementor-heading-title elementor-size-default\">Fournir des talents \u00e0 la cha\u00eene d'approvisionnement de la construction\n<\/h1>\t\t\t\t<\/div>\n\t\t\t\t\t<\/div>\n\t\t<\/div>\n\t\t\t\t\t<\/div>\n\t\t<\/section>\n\t\t\t\t<section class=\"elementor-section elementor-top-section elementor-element elementor-element-f334c52 elementor-hidden-mobile elementor-section-boxed elementor-section-height-default elementor-section-height-default\" data-id=\"f334c52\" data-element_type=\"section\" data-settings=\"{&quot;background_background&quot;:&quot;classic&quot;}\">\n\t\t\t\t\t\t<div class=\"elementor-container elementor-column-gap-default\">\n\t\t\t\t\t<div class=\"elementor-column elementor-col-50 elementor-top-column elementor-element elementor-element-29b0331\" data-id=\"29b0331\" data-element_type=\"column\">\n\t\t\t<div class=\"elementor-widget-wrap elementor-element-populated\">\n\t\t\t\t\t\t<div class=\"elementor-element elementor-element-3d9795c elementor-widget elementor-widget-text-editor\" data-id=\"3d9795c\" data-element_type=\"widget\" data-widget_type=\"text-editor.default\">\n\t\t\t\t\t\t\t\t\t<span style=\"color: #0F706E\">D<\/span>esign-<span style=\"color: #0F706E\">M<\/span>aterials-<span style=\"color: #0F706E\">C<\/span>onstruction\t\t\t\t\t\t\t\t<\/div>\n\t\t\t\t<div class=\"elementor-element elementor-element-d429bf8 elementor-widget elementor-widget-text-editor\" data-id=\"d429bf8\" data-element_type=\"widget\" data-widget_type=\"text-editor.default\">\n\t\t\t\t\t\t\t\t\tLe groupe de recrutement DMC a \u00e9t\u00e9 cr\u00e9\u00e9 pour r\u00e9pondre aux besoins uniques de la cha\u00eene d'approvisionnement de la construction, de l'architecture et de la conception \u00e0 la construction, en passant par les mat\u00e9riaux de construction. Contrairement \u00e0 d'autres agences, DMC reconna\u00eet que l'industrie de la construction conna\u00eet des hauts et des bas en fonction des conditions uniques du march\u00e9, des calendriers saisonniers et des facteurs externes, et offre une compr\u00e9hension \u00e9tablie des besoins sp\u00e9cifiques de ce segment de l'\u00e9conomie.\n<br><br>\nDMC utilise une technologie de pointe conjointement \u00e0 l'exp\u00e9rience et aux connaissances de la vieille \u00e9cole, ainsi qu'\u00e0 des r\u00e9seaux industriels bien \u00e9tablis, pour fournir des solutions de recherches personnalis\u00e9es aux secteurs de l'architecture et du design, des mat\u00e9riaux de construction et de la construction.\n<br><br>\nAvec des r\u00e9sultats in\u00e9gal\u00e9s en Am\u00e9rique du Nord dans ces trois secteurs verticaux, et de solides r\u00e9f\u00e9rences pour \u00e9tayer cette affirmation, DMC Recruitment met la barre plus haut pour le recrutement dans nos secteurs.\n<br><br>\nDMC se surpasse pour trouver la meilleure solution pour votre entreprise. Nos recruteurs sp\u00e9cialis\u00e9s par secteur d'activit\u00e9 utilisent des bases de donn\u00e9es tierces, des r\u00e9seaux sectoriels existants et des outils de recherche aliment\u00e9s par l'IA pour proposer des syst\u00e8mes de recommandation ax\u00e9s sur la technologie. DMC propose \u00e9galement une publicit\u00e9 sur mesure, un storytelling personnalis\u00e9 et une garantie allant jusqu'\u00e0 12 mois \u00e0 compter de la date d'entr\u00e9e en fonction pour s'assurer de l'ad\u00e9quation d'un candidat... la plus longue garantie de r\u00e9ussite du candidat sur le march\u00e9 ! Notre r\u00e9putation est b\u00e2tie sur notre succ\u00e8s, c'est pourquoi nous abordons chaque mission avec urgence et d\u00e9termination.\t\t\t\t\t\t\t\t<\/div>\n\t\t\t\t\t<\/div>\n\t\t<\/div>\n\t\t\t\t<div class=\"elementor-column elementor-col-50 elementor-top-column elementor-element elementor-element-a13bbc0\" data-id=\"a13bbc0\" data-element_type=\"column\">\n\t\t\t<div class=\"elementor-widget-wrap elementor-element-populated\">\n\t\t\t\t\t\t<section class=\"elementor-section elementor-inner-section elementor-element elementor-element-4a5f94e elementor-section-boxed elementor-section-height-default elementor-section-height-default\" data-id=\"4a5f94e\" data-element_type=\"section\">\n\t\t\t\t\t\t<div class=\"elementor-container elementor-column-gap-default\">\n\t\t\t\t\t<div class=\"elementor-column elementor-col-50 elementor-inner-column elementor-element elementor-element-6a3f7b0\" data-id=\"6a3f7b0\" data-element_type=\"column\" data-settings=\"{&quot;background_background&quot;:&quot;classic&quot;}\">\n\t\t\t<div class=\"elementor-widget-wrap elementor-element-populated\">\n\t\t\t\t\t\t<div class=\"elementor-element elementor-element-db459df elementor-widget elementor-widget-spacer\" data-id=\"db459df\" data-element_type=\"widget\" data-widget_type=\"spacer.default\">\n\t\t\t\t\t\t\t<div class=\"elementor-spacer\">\n\t\t\t<div class=\"elementor-spacer-inner\"><\/div>\n\t\t<\/div>\n\t\t\t\t\t\t<\/div>\n\t\t\t\t\t<\/div>\n\t\t<\/div>\n\t\t\t\t<div class=\"elementor-column elementor-col-50 elementor-inner-column elementor-element elementor-element-8447566\" data-id=\"8447566\" data-element_type=\"column\" data-settings=\"{&quot;background_background&quot;:&quot;classic&quot;}\">\n\t\t\t<div class=\"elementor-widget-wrap elementor-element-populated\">\n\t\t\t\t\t\t<div class=\"elementor-element elementor-element-bdda4bc elementor-widget__width-initial elementor-absolute elementor-widget elementor-widget-heading\" data-id=\"bdda4bc\" data-element_type=\"widget\" data-settings=\"{&quot;_position&quot;:&quot;absolute&quot;}\" data-widget_type=\"heading.default\">\n\t\t\t\t\t<h2 class=\"elementor-heading-title elementor-size-default\">DMC<\/h2>\t\t\t\t<\/div>\n\t\t\t\t\t<\/div>\n\t\t<\/div>\n\t\t\t\t\t<\/div>\n\t\t<\/section>\n\t\t\t\t\t<\/div>\n\t\t<\/div>\n\t\t\t\t\t<\/div>\n\t\t<\/section>\n\t\t\t\t<section class=\"elementor-section elementor-top-section elementor-element elementor-element-277a34b elementor-hidden-desktop elementor-hidden-tablet elementor-hidden-laptop elementor-section-boxed elementor-section-height-default elementor-section-height-default\" data-id=\"277a34b\" data-element_type=\"section\" data-settings=\"{&quot;background_background&quot;:&quot;classic&quot;}\">\n\t\t\t\t\t\t<div class=\"elementor-container elementor-column-gap-default\">\n\t\t\t\t\t<div class=\"elementor-column elementor-col-50 elementor-top-column elementor-element elementor-element-5558f8e\" data-id=\"5558f8e\" data-element_type=\"column\">\n\t\t\t<div class=\"elementor-widget-wrap elementor-element-populated\">\n\t\t\t\t\t\t<div class=\"elementor-element elementor-element-a6b3ffa elementor-widget elementor-widget-text-editor\" data-id=\"a6b3ffa\" data-element_type=\"widget\" data-widget_type=\"text-editor.default\">\n\t\t\t\t\t\t\t\t\t<span style=\"color: #0F706E\">D<\/span>esign-<span style=\"color: #0F706E\">M<\/span>aterials-<span style=\"color: #0F706E\">C<\/span>onstruction\t\t\t\t\t\t\t\t<\/div>\n\t\t\t\t<div class=\"elementor-element elementor-element-7666470 elementor-widget elementor-widget-text-editor\" data-id=\"7666470\" data-element_type=\"widget\" data-widget_type=\"text-editor.default\">\n\t\t\t\t\t\t\t\t\tLe groupe de recrutement DMC a \u00e9t\u00e9 cr\u00e9\u00e9 pour r\u00e9pondre aux besoins uniques de la cha\u00eene d'approvisionnement de la construction, de l'architecture et de la conception \u00e0 la construction, en passant par les mat\u00e9riaux de construction. Contrairement \u00e0 d'autres agences, DMC reconna\u00eet que l'industrie de la construction conna\u00eet des hauts et des bas en fonction des conditions uniques du march\u00e9, des calendriers saisonniers et des facteurs externes, et offre une compr\u00e9hension \u00e9tablie des besoins sp\u00e9cifiques de ce segment de l'\u00e9conomie.\n<br><br>\nDMC utilise une technologie de pointe conjointement \u00e0 l'exp\u00e9rience et aux connaissances de la vieille \u00e9cole, ainsi qu'\u00e0 des r\u00e9seaux industriels bien \u00e9tablis, pour fournir des solutions de recherches personnalis\u00e9es aux secteurs de l'architecture et du design, des mat\u00e9riaux de construction et de la construction.\n<br><br>\nAvec des r\u00e9sultats in\u00e9gal\u00e9s en Am\u00e9rique du Nord dans ces trois secteurs verticaux, et de solides r\u00e9f\u00e9rences pour \u00e9tayer cette affirmation, DMC Recruitment met la barre plus haut pour le recrutement dans nos secteurs.\n<br><br>\nDMC se surpasse pour trouver la meilleure solution pour votre entreprise. Nos recruteurs sp\u00e9cialis\u00e9s par secteur d'activit\u00e9 utilisent des bases de donn\u00e9es tierces, des r\u00e9seaux sectoriels existants et des outils de recherche aliment\u00e9s par l'IA pour proposer des syst\u00e8mes de recommandation ax\u00e9s sur la technologie. DMC propose \u00e9galement une publicit\u00e9 sur mesure, un storytelling personnalis\u00e9 et une garantie allant jusqu'\u00e0 12 mois \u00e0 compter de la date d'entr\u00e9e en fonction pour s'assurer de l'ad\u00e9quation d'un candidat... la plus longue garantie de r\u00e9ussite du candidat sur le march\u00e9 ! Notre r\u00e9putation est b\u00e2tie sur notre succ\u00e8s, c'est pourquoi nous abordons chaque mission avec urgence et d\u00e9termination.\t\t\t\t\t\t\t\t<\/div>\n\t\t\t\t\t<\/div>\n\t\t<\/div>\n\t\t\t\t<div class=\"elementor-column elementor-col-50 elementor-top-column elementor-element elementor-element-d1b9de0\" data-id=\"d1b9de0\" data-element_type=\"column\">\n\t\t\t<div class=\"elementor-widget-wrap elementor-element-populated\">\n\t\t\t\t\t\t<section class=\"elementor-section elementor-inner-section elementor-element elementor-element-c1ca72c elementor-section-boxed elementor-section-height-default elementor-section-height-default\" data-id=\"c1ca72c\" data-element_type=\"section\">\n\t\t\t\t\t\t<div class=\"elementor-container elementor-column-gap-default\">\n\t\t\t\t\t<div class=\"elementor-column elementor-col-50 elementor-inner-column elementor-element elementor-element-d1936d8\" data-id=\"d1936d8\" data-element_type=\"column\" data-settings=\"{&quot;background_background&quot;:&quot;classic&quot;}\">\n\t\t\t<div class=\"elementor-widget-wrap elementor-element-populated\">\n\t\t\t\t\t\t<div class=\"elementor-element elementor-element-2e2d9e7 elementor-widget elementor-widget-spacer\" data-id=\"2e2d9e7\" data-element_type=\"widget\" data-widget_type=\"spacer.default\">\n\t\t\t\t\t\t\t<div class=\"elementor-spacer\">\n\t\t\t<div class=\"elementor-spacer-inner\"><\/div>\n\t\t<\/div>\n\t\t\t\t\t\t<\/div>\n\t\t\t\t\t<\/div>\n\t\t<\/div>\n\t\t\t\t<div class=\"elementor-column elementor-col-50 elementor-inner-column elementor-element elementor-element-4683f57\" data-id=\"4683f57\" data-element_type=\"column\" data-settings=\"{&quot;background_background&quot;:&quot;classic&quot;}\">\n\t\t\t<div class=\"elementor-widget-wrap elementor-element-populated\">\n\t\t\t\t\t\t<div class=\"elementor-element elementor-element-a129439 elementor-widget__width-initial elementor-widget elementor-widget-heading\" data-id=\"a129439\" data-element_type=\"widget\" data-widget_type=\"heading.default\">\n\t\t\t\t\t<h2 class=\"elementor-heading-title elementor-size-default\">DMC<\/h2>\t\t\t\t<\/div>\n\t\t\t\t\t<\/div>\n\t\t<\/div>\n\t\t\t\t\t<\/div>\n\t\t<\/section>\n\t\t\t\t\t<\/div>\n\t\t<\/div>\n\t\t\t\t\t<\/div>\n\t\t<\/section>\n\t\t\t\t<section class=\"elementor-section elementor-top-section elementor-element elementor-element-4aab1c6 elementor-section-boxed elementor-section-height-default elementor-section-height-default\" data-id=\"4aab1c6\" data-element_type=\"section\" id=\"our-team\" data-settings=\"{&quot;background_background&quot;:&quot;classic&quot;}\">\n\t\t\t\t\t\t<div class=\"elementor-container elementor-column-gap-default\">\n\t\t\t\t\t<div class=\"elementor-column elementor-col-100 elementor-top-column elementor-element elementor-element-e412547\" data-id=\"e412547\" data-element_type=\"column\">\n\t\t\t<div class=\"elementor-widget-wrap elementor-element-populated\">\n\t\t\t\t\t\t<div class=\"elementor-element elementor-element-fc4a52a elementor-widget elementor-widget-heading\" data-id=\"fc4a52a\" data-element_type=\"widget\" data-widget_type=\"heading.default\">\n\t\t\t\t\t<h2 class=\"elementor-heading-title elementor-size-default\">Rencontrez notre \u00e9quipe\n<\/h2>\t\t\t\t<\/div>\n\t\t\t\t<div class=\"elementor-element elementor-element-dc07b78 elementor-widget elementor-widget-html\" data-id=\"dc07b78\" data-element_type=\"widget\" data-widget_type=\"html.default\">\n\t\t\t\t\t<script src=\"https:\/\/widget.refari.co\/static\/widgets.js\" data-cfasync=\"false\" data-optimized=\"0\" data-no-optimize=\"1\"><\/script>\r\n<div id=\"refWidget\"><noscript>Vous devez activer JavaScript pour ex\u00e9cuter cette application.<\/noscript><\/div>\r\n<script>\r\n  window.refari.load('RefariWidget', function(widget, additionalData) {\r\n    widget({\r\n        node: document.getElementById(\"refWidget\"),       \/\/ 1. widget container element\r\n        apiKey: \"8990d46264501096c7a100ca48db353a1c20cde9\",    \/\/ 2. agency's unique public API key         \r\n        aboutPageUrl: \"https:\/\/dmcrecruitment.com\/about-us\/\",       \/\/ 3. initialize widget with current property to form absolute link to About page\r\n        defaultPage: 'about',                             \/\/ 4. set default page 'about' for 'Job Board' widget\r\n        themePalette: {                                   \/\/ 5. theme customizations\r\n            primary1Color: \"#0F706E\",\r\n            textColorContent: \"\",\r\n            iconColor: \"\",\r\n            headingColor: \"\",\r\n            textColorCategories: \"\",\r\n            referralRewardColor: \"\",\r\n            primary1ColorSocialize: \"\",\r\n            textColorSocialize: \"\",\r\n            widgetBackgroundColor: \"#\",\r\n            widgetTileBackgroundColor: \"#f2f2f2\",\r\n            backgroundMeetTheTeamColor: \"\",\r\n            actionButton1TextColor: \"\",\r\n            actionButton1BackgroundColor: \"\",\r\n            actionButton1HoverColor: \"\",\r\n            actionButton2TextColor: \"\",\r\n            actionButton2BackgroundColor: \"\",\r\n            actionButton2HoverColor: \"\",\r\n            saveIconColor: \"\",\r\n            linkIconColor: \"\"\r\n        },\r\n        fixedHeader: '#header',                           \/\/ 6. optional, selector of fixed header\r\n        elements: {                                       \/\/ 7. [optional] elements customizations\r\n          buttonBorderRadius: 2,                            \/\/ Number or String (2 or '2px' or '2%')\r\n          tileBorderRadius: 10,                              \/\/ Number (2)\r\n          profileBorderRadius: '0'                        \/\/ Number or String (50 or '50px' or '50%')\r\n        },\r\n        optionalFields: [''],  \/\/ 8. [optional] fields, by default shows additional info about consultant\r\n        consultant: null,                                 \/\/ 9. [optional] quantity consultant that will be displayed\r\n        tags: [\"\"],                                       \/\/ 10. [optional] field, ability to filter recruiters by tags on About page\r\n        showJobsInGridMode: false,                        \/\/ 11. [required] field, ability to change from List view to Grid view by default need to set false\r\n        profileMarginSeparator: '0 0px 20px',            \/\/ 12. [optional] field, add additional margin space for Meet the Team page, example '2px' or '2%'\r\n        widgetTitle: false,                               \/\/ 13. [optional] field, by default Title equal false if need show default text replace false on true, for show private text pass your text in this param\r\n        showTags: true,                                   \/\/ 14. [optional] field, by default showTags equal true, can pass next props true: for showing tags and false for hiding tags\r\n        meetTheTeamDesign: 1,                             \/\/ 15. [optional] field, change display Meet the team widget (Possible values : 1 for default layout and 2 for square layout)\r\n        displayYou: true,                                 \/\/ 16. [optional] field, by default displayYou equals to true, it will be used to show 'You' block in the widget or not when default page is about page\r\n        tileWidth: 335,                                  \/\/ 17. [optional] field, by default tile width equals to 288 (Min value : 208, Max value : 408) (only works when default page is about page)\r\n        itemInARow: null,                                 \/\/ 18. [optional] number of consultants in a single row to display. Default - 3. Available values - 1,2,3,4\r\n        enableSlider: false,                              \/\/ 19. [optional] Show all the consultants in a slider or not (By default false)\r\n        showPagination: true,                             \/\/ 20. [optional] will show pagination dots by default use true\r\n        paginationStyle: 1,                               \/\/ 21. [optional] will show pagination arrow for value 1 and pagination dots for value 2 (by default use 1)\r\n        overflowRight: false,                             \/\/ 22. [optional] will show one overflow job on right side if set to true (by default use false) \r\n        overflowLeft: false,                              \/\/ 23. [optional] will show one overflow job on left side if set to true (by default use false) \r\n        overflowFade: false,                              \/\/ 24. [optional] will show overflow fade behaviour on both horizontal sides (by default use false) \r\n        autoRotate: true,                                 \/\/ 25. [optional] will auto rotate the job slider (by default use false)\r\n        autoRotateTimer: 5000,                            \/\/ 26. [optional] will add auto rotate timer in milliseconds - (by default use 5000)\r\n        \/\/ categoryTileColor: [{486: '#ff0000'}, { 490: '#fff000' }],      \/\/ 27. [optional] field, add a tile color according to category ids, it accepts an array [{ 'category id':  color code }]\r\n        \/\/ filterTileColor: false,                        \/\/ 28. [optional] field, unable category tile color on filters\r\n        offsetTop: [{360: 90}, { 991: 110 }, {1140: 110}],           \/\/ 29. [optional] field, add a top offset accept an array [{ 'screen width':  offset }]\r\n        \/\/baseUrl: ''                                    \/\/ 30. [required] field, set up widget base url\r\n    });\r\n  });\r\n<\/script>\t\t\t\t<\/div>\n\t\t\t\t\t<\/div>\n\t\t<\/div>\n\t\t\t\t\t<\/div>\n\t\t<\/section>\n\t\t\t\t<section class=\"elementor-section elementor-top-section elementor-element elementor-element-c8bd349 elementor-section-boxed elementor-section-height-default elementor-section-height-default\" data-id=\"c8bd349\" data-element_type=\"section\" data-settings=\"{&quot;background_background&quot;:&quot;classic&quot;}\">\n\t\t\t\t\t\t\t<div class=\"elementor-background-overlay\"><\/div>\n\t\t\t\t\t\t\t<div class=\"elementor-container elementor-column-gap-default\">\n\t\t\t\t\t<div class=\"elementor-column elementor-col-100 elementor-top-column elementor-element elementor-element-8d3067b\" data-id=\"8d3067b\" data-element_type=\"column\">\n\t\t\t<div class=\"elementor-widget-wrap elementor-element-populated\">\n\t\t\t\t\t\t<div class=\"elementor-element elementor-element-4cdda86 elementor-widget elementor-widget-text-editor\" data-id=\"4cdda86\" data-element_type=\"widget\" data-widget_type=\"text-editor.default\">\n\t\t\t\t\t\t\t\t\tAU SERVICE DE LA CHA\u00ceNE D'APPROVISIONNEMENT DE LA CONSTRUCTION EN AM\u00c9RIQUE DU NORD, OFFRANT DES SOLUTIONS DE RECRUTEMENT PERSONNALIS\u00c9ES POUR LES SECTEURS DU DESIGN ET DE L'ARCHITECTURE, DES MAT\u00c9RIAUX DE CONSTRUCTION ET DE LA CONSTRUCTION.\n\t\t\t\t\t\t\t\t<\/div>\n\t\t\t\t\t<\/div>\n\t\t<\/div>\n\t\t\t\t\t<\/div>\n\t\t<\/section>\n\t\t\t\t<\/div>","protected":false},"excerpt":{"rendered":"<p>Providing Talent to the Construction Supply Chain Design-Materials-ConstructionDMC Recruitment Group was established to address the unique needs of the construction supply chain from Architecture and Design, to Building Materials, and [&hellip;]<\/p>","protected":false},"author":2,"featured_media":0,"parent":0,"menu_order":0,"comment_status":"closed","ping_status":"closed","template":"elementor_header_footer","meta":{"footnotes":""},"class_list":["post-81","page","type-page","status-publish","hentry"],"_links":{"self":[{"href":"https:\/\/dmcrecruitment.com\/fr\/wp-json\/wp\/v2\/pages\/81","targetHints":{"allow":["GET"]}}],"collection":[{"href":"https:\/\/dmcrecruitment.com\/fr\/wp-json\/wp\/v2\/pages"}],"about":[{"href":"https:\/\/dmcrecruitment.com\/fr\/wp-json\/wp\/v2\/types\/page"}],"author":[{"embeddable":true,"href":"https:\/\/dmcrecruitment.com\/fr\/wp-json\/wp\/v2\/users\/2"}],"replies":[{"embeddable":true,"href":"https:\/\/dmcrecruitment.com\/fr\/wp-json\/wp\/v2\/comments?post=81"}],"version-history":[{"count":54,"href":"https:\/\/dmcrecruitment.com\/fr\/wp-json\/wp\/v2\/pages\/81\/revisions"}],"predecessor-version":[{"id":14633,"href":"https:\/\/dmcrecruitment.com\/fr\/wp-json\/wp\/v2\/pages\/81\/revisions\/14633"}],"wp:attachment":[{"href":"https:\/\/dmcrecruitment.com\/fr\/wp-json\/wp\/v2\/media?parent=81"}],"curies":[{"name":"wp","href":"https:\/\/api.w.org\/{rel}","templated":true}]}}