{"id":75,"date":"2022-12-21T13:37:10","date_gmt":"2022-12-21T02:37:10","guid":{"rendered":"https:\/\/mike.howisthis.work\/?page_id=75"},"modified":"2026-01-15T18:47:11","modified_gmt":"2026-01-15T07:47:11","slug":"emplois","status":"publish","type":"page","link":"https:\/\/dmcrecruitment.com\/fr\/emplois\/","title":{"rendered":"Emplois"},"content":{"rendered":"<div data-elementor-type=\"wp-page\" data-elementor-id=\"75\" class=\"elementor elementor-75\" data-elementor-post-type=\"page\">\n\t\t\t\t\t\t<section class=\"elementor-section elementor-top-section elementor-element elementor-element-2b339fc elementor-section-full_width elementor-section-height-default elementor-section-height-default\" data-id=\"2b339fc\" data-element_type=\"section\" data-settings=\"{&quot;background_background&quot;:&quot;classic&quot;}\">\n\t\t\t\t\t\t\t<div class=\"elementor-background-overlay\"><\/div>\n\t\t\t\t\t\t\t<div class=\"elementor-container elementor-column-gap-default\">\n\t\t\t\t\t<div class=\"elementor-column elementor-col-50 elementor-top-column elementor-element elementor-element-4d5daa5\" data-id=\"4d5daa5\" data-element_type=\"column\">\n\t\t\t<div class=\"elementor-widget-wrap\">\n\t\t\t\t\t\t\t<\/div>\n\t\t<\/div>\n\t\t\t\t<div class=\"elementor-column elementor-col-50 elementor-top-column elementor-element elementor-element-b8788db\" data-id=\"b8788db\" data-element_type=\"column\" data-settings=\"{&quot;background_background&quot;:&quot;classic&quot;}\">\n\t\t\t<div class=\"elementor-widget-wrap elementor-element-populated\">\n\t\t\t\t\t\t<div class=\"elementor-element elementor-element-cc0d367 elementor-widget elementor-widget-heading\" data-id=\"cc0d367\" data-element_type=\"widget\" data-widget_type=\"heading.default\">\n\t\t\t\t\t<h1 class=\"elementor-heading-title elementor-size-default\">Emplois disponibles<\/h1>\t\t\t\t<\/div>\n\t\t\t\t<div class=\"elementor-element elementor-element-13baf6c elementor-widget elementor-widget-text-editor\" data-id=\"13baf6c\" data-element_type=\"widget\" data-widget_type=\"text-editor.default\">\n\t\t\t\t\t\t\t\t\tDMC utilise une technologie de pointe conjointement \u00e0 l'exp\u00e9rience et aux connaissances de la vieille \u00e9cole, ainsi qu'\u00e0 des r\u00e9seaux industriels bien \u00e9tablis, pour fournir des solutions de recherches personnalis\u00e9es aux secteurs de l'architecture et du design, des mat\u00e9riaux de construction et de la construction.\t\t\t\t\t\t\t\t<\/div>\n\t\t\t\t\t<\/div>\n\t\t<\/div>\n\t\t\t\t\t<\/div>\n\t\t<\/section>\n\t\t\t\t<section class=\"elementor-section elementor-top-section elementor-element elementor-element-08a766e elementor-section-full_width elementor-section-height-default elementor-section-height-default\" data-id=\"08a766e\" data-element_type=\"section\">\n\t\t\t\t\t\t<div class=\"elementor-container elementor-column-gap-no\">\n\t\t\t\t\t<div class=\"elementor-column elementor-col-100 elementor-top-column elementor-element elementor-element-82259ee\" data-id=\"82259ee\" data-element_type=\"column\">\n\t\t\t<div class=\"elementor-widget-wrap elementor-element-populated\">\n\t\t\t\t\t\t<div class=\"elementor-element elementor-element-b0faacb elementor-widget elementor-widget-html\" data-id=\"b0faacb\" data-element_type=\"widget\" data-widget_type=\"html.default\">\n\t\t\t\t\t<script src=\"https:\/\/widget.refari.co\/static\/widgets.js\" data-cfasync=\"false\" data-optimized=\"0\" data-no-optimize=\"1\"><\/script>\r\n<div id=\"refWidget\"><noscript>Vous devez activer JavaScript pour ex\u00e9cuter cette application.<\/noscript><\/div>\r\n<script>\r\n  window.refari.load('RefariWidget', function(widget, additionalData) {\r\n    widget({\r\n        node: document.getElementById(\"refWidget\"),       \/\/ 1. widget container element\r\n        apiKey: \"8990d46264501096c7a100ca48db353a1c20cde9\",    \/\/ 2. agency's unique public API key         \r\n        aboutPageUrl: \"https:\/\/dmcrecruitment.com\/about-us\/\",       \/\/ 3. initialize widget with current property to form absolute link to About page\r\n        themePalette: {                                   \/\/ 4. theme customizations\r\n            primary1Color: \"#0F706E\",\r\n            textColorContent: \"\",\r\n            iconColor: \"\",\r\n            headingColor: \"\",\r\n            textColorCategories: \"\",\r\n            referralRewardColor: \"\",\r\n            primary1ColorSocialize: \"\",\r\n            textColorSocialize: \"\",\r\n            widgetBackgroundColor: \"#\",\r\n            widgetTileBackgroundColor: \"\",\r\n            backgroundMeetTheTeamColor: \"\"\r\n        },\r\n        fixedHeader: '#sticky-nav',                           \/\/ 5. optional, selector of fixed header\r\n        elements: {                                       \/\/ 6. [optional] elements customizations\r\n          buttonBorderRadius: 5,                            \/\/ Number or String (2 or '2px' or '2%')\r\n          tileBorderRadius: 10,                              \/\/ Number (2)\r\n          profileBorderRadius: '5%'                         \/\/ Number or String (5 or '5px' or '5%')\r\n        },\r\n        optionalFields: [ 'email', 'phone', 'linkedin'],  \/\/ 7. [optional] fields, by default shows additional info about consultant\r\n        consultant: null,                                 \/\/ 8. [optional] quantity consultant that will be displayed\r\n        tags: [\"\"],                                       \/\/ 9. [optional] field, ability to filter recruiters by tags on About page\r\n        jobBoardDesign: 3,                                \/\/ 10. [required] show the new job board version 3\r\n        offsetTop: [{1: 80},{767: 80}, { 1024: 95 }],           \/\/ 11. [optional] field, add a top offset accept an array [{ 'screen width':  offset }]\r\n        \/\/baseUrl: ''                                    \/\/ 12. [required] field, set up widget base url\r\n    });\r\n  });\r\n<\/script>\t\t\t\t<\/div>\n\t\t\t\t\t<\/div>\n\t\t<\/div>\n\t\t\t\t\t<\/div>\n\t\t<\/section>\n\t\t\t\t<\/div>","protected":false},"excerpt":{"rendered":"<p>Available Jobs DMC utilizes leading-edge technology solutions, coupled with old-school experience and knowledge, and established industry networks to deliver customized search solutions for the Architecture and Design, Building Materials, and [&hellip;]<\/p>","protected":false},"author":2,"featured_media":0,"parent":0,"menu_order":0,"comment_status":"closed","ping_status":"closed","template":"elementor_header_footer","meta":{"footnotes":""},"class_list":["post-75","page","type-page","status-publish","hentry"],"_links":{"self":[{"href":"https:\/\/dmcrecruitment.com\/fr\/wp-json\/wp\/v2\/pages\/75","targetHints":{"allow":["GET"]}}],"collection":[{"href":"https:\/\/dmcrecruitment.com\/fr\/wp-json\/wp\/v2\/pages"}],"about":[{"href":"https:\/\/dmcrecruitment.com\/fr\/wp-json\/wp\/v2\/types\/page"}],"author":[{"embeddable":true,"href":"https:\/\/dmcrecruitment.com\/fr\/wp-json\/wp\/v2\/users\/2"}],"replies":[{"embeddable":true,"href":"https:\/\/dmcrecruitment.com\/fr\/wp-json\/wp\/v2\/comments?post=75"}],"version-history":[{"count":57,"href":"https:\/\/dmcrecruitment.com\/fr\/wp-json\/wp\/v2\/pages\/75\/revisions"}],"predecessor-version":[{"id":14627,"href":"https:\/\/dmcrecruitment.com\/fr\/wp-json\/wp\/v2\/pages\/75\/revisions\/14627"}],"wp:attachment":[{"href":"https:\/\/dmcrecruitment.com\/fr\/wp-json\/wp\/v2\/media?parent=75"}],"curies":[{"name":"wp","href":"https:\/\/api.w.org\/{rel}","templated":true}]}}